{"id":101,"date":"2025-04-01T19:56:19","date_gmt":"2025-04-01T17:56:19","guid":{"rendered":"https:\/\/pb-technology.com\/?page_id=101"},"modified":"2025-04-13T16:47:12","modified_gmt":"2025-04-13T14:47:12","slug":"umfassende-it-losungen","status":"publish","type":"page","link":"https:\/\/pb-technology.com\/?page_id=101","title":{"rendered":""},"content":{"rendered":"\n<h2 id=\"wp-block-themeisle-blocks-advanced-heading-4db652d7\" class=\"wp-block-themeisle-blocks-advanced-heading wp-block-themeisle-blocks-advanced-heading-4db652d7\"><strong>UMFASSENDE IT-L\u00d6SUNGEN<\/strong><\/h2>\n\n\n\n<h3 class=\"wp-block-heading has-text-color has-link-color wp-elements-60245886d846c098b34c728ab921e449\" style=\"color:#94c11e\">Server Installationen und Virtualisierungen<\/h3>\n\n\n\n<div class=\"wp-block-group is-nowrap is-layout-flex wp-container-core-group-is-layout-1 wp-block-group-is-layout-flex\">\n<div id=\"wp-block-themeisle-blocks-font-awesome-icons-cbc8738d\" class=\"wp-block-themeisle-blocks-font-awesome-icons\"><span class=\"wp-block-themeisle-blocks-font-awesome-icons-container\"><i class=\"fas fa-server\"><\/i><\/span><\/div>\n\n\n\n<p>Ich biete Ihnen die professionelle Installation von Servern auf Ihrer eigenen Hardware, sei es mit FreeBSD, Linux, Windows oder Terminalserver. Zus\u00e4tzlich setze ich auf kostenfreie, Open Source Virtualisierungsl\u00f6sungen wie Proxmox und VMware, um Ihre Infrastruktur zu optimieren. Mit meinem umfassenden Backup-Service, insbesondere durch den Proxmox Backup Server, sichern Sie Ihre Daten zuverl\u00e4ssig.<\/p>\n<\/div>\n\n\n\n<h3 class=\"wp-block-heading has-text-color has-link-color wp-elements-8c2e8607782798af601a9be7c182e88d\" style=\"color:#94c11e\">IT-Sicherheit und Kommunikation<\/h3>\n\n\n\n<div class=\"wp-block-group is-nowrap is-layout-flex wp-container-core-group-is-layout-2 wp-block-group-is-layout-flex\">\n<div id=\"wp-block-themeisle-blocks-font-awesome-icons-cf7d561e\" class=\"wp-block-themeisle-blocks-font-awesome-icons\"><span class=\"wp-block-themeisle-blocks-font-awesome-icons-container\"><i class=\"fas fa-user-secret\"><\/i><\/span><\/div>\n\n\n\n<p>Zu meinen Kernkompetenzen geh\u00f6rt die Implementierung von sicheren IT-Infrastrukturen. Ich installiere und konfiguriere Firewalls, Proxy-Server mit Virenscannern sowie E-Mail-Schutzl\u00f6sungen, die Ihre Kommunikation vor Viren und Spam sch\u00fctzen. Ebenso biete ich ma\u00dfgeschneiderte VoIP-Telefoniel\u00f6sungen auf Basis von Asterisk, die f\u00fcr alle Firmenstandorte kostenlose Telefonie und Least-Cost Routing erm\u00f6glichen.<\/p>\n<\/div>\n\n\n\n<h3 class=\"wp-block-heading has-text-color has-link-color wp-elements-c1ad762b9a92d2298adb060e53a1b2fd\" style=\"color:#94c11e\">VPN- und Netzwerkl\u00f6sungen<\/h3>\n\n\n\n<div class=\"wp-block-group is-nowrap is-layout-flex wp-container-core-group-is-layout-3 wp-block-group-is-layout-flex\">\n<div id=\"wp-block-themeisle-blocks-font-awesome-icons-2ef92c6a\" class=\"wp-block-themeisle-blocks-font-awesome-icons\"><span class=\"wp-block-themeisle-blocks-font-awesome-icons-container\"><i class=\"fas fa-network-wired\"><\/i><\/span><\/div>\n\n\n\n<p>F\u00fcr flexible Arbeitsmodelle und sichere Standortverbindungen stelle ich Ihnen VPN-L\u00f6sungen wie IPSEC und OpenVPN zur Verf\u00fcgung. Dar\u00fcber hinaus installiere ich sichere Internetverbindungen f\u00fcr Ihre Mitarbeiter im Homeoffice und unterwegs, inklusive IPv6-Integration. Hochverf\u00fcgbare L\u00f6sungen f\u00fcr Server-Spiegelung, Firewalls und Web-Server mit Auto-Failover sorgen f\u00fcr eine stabile IT-Infrastruktur.<\/p>\n<\/div>\n\n\n\n<h3 class=\"wp-block-heading has-text-color has-link-color wp-elements-1fc1bcd5f2d516c8c9116b83be94012e\" style=\"color:#94c11e\">Wartung und Support<strong>\u00a0<\/strong><\/h3>\n\n\n\n<div class=\"wp-block-group is-nowrap is-layout-flex wp-container-core-group-is-layout-4 wp-block-group-is-layout-flex\">\n<div id=\"wp-block-themeisle-blocks-font-awesome-icons-e2b5f2ae\" class=\"wp-block-themeisle-blocks-font-awesome-icons\"><span class=\"wp-block-themeisle-blocks-font-awesome-icons-container\"><i class=\"far fa-handshake\"><\/i><\/span><\/div>\n\n\n\n<p>Mit meiner Unterst\u00fctzung erhalten Sie sowohl vor Ort als auch remote eine zuverl\u00e4ssige Wartung f\u00fcr Ihre Server, Firewalls, VPNs und IT-Systeme. Ich unterst\u00fctze Sie mit meinem umfangreichen Monitoring und Alarming-System, das eine hohe Verf\u00fcgbarkeit Ihrer IT-Systeme garantiert.<\/p>\n<\/div>\n\n\n\n<h3 class=\"wp-block-heading has-text-color has-link-color wp-elements-ff1cd86b4eaa63239e0cc24619ea8124\" style=\"color:#94c11e\">Netzwerkplanung und Sicherheitskonzepte<\/h3>\n\n\n\n<div class=\"wp-block-group is-nowrap is-layout-flex wp-container-core-group-is-layout-5 wp-block-group-is-layout-flex\">\n<div id=\"wp-block-themeisle-blocks-font-awesome-icons-7fbeaa0f\" class=\"wp-block-themeisle-blocks-font-awesome-icons\"><span class=\"wp-block-themeisle-blocks-font-awesome-icons-container\"><svg xmlns=\"http:\/\/www.w3.org\/2000\/svg\" viewBox=\"0 0 1800 1800\"><path d=\"M1635.687,1278.4c-47.769,0-88.294,31.611-101.762,75.016h-145.789v-349.629h73.367 c4.988,0.22,9.674,0.326,14.307,0.326c4.782,0,9.635-0.115,14.817-0.348c0.079-0.005,0.158-0.01,0.237-0.01 c173.133-7.938,308.756-150.018,308.756-323.454c0-134.669-81.956-253.44-205.979-301.697 c-14.456-100.161-63.179-192.209-138.563-260.994c-80.945-73.862-185.92-114.539-295.579-114.539 c-137.799,0-266.188,64.115-349.019,172.916c-45.162-22.9-95.19-34.891-146.321-34.891c-139.064,0-261.005,87.974-305.833,217.184 c-11.335-1.191-22.746-1.793-34.13-1.793C145.642,356.487,0.38,501.749,0.38,680.302c0,178.549,145.262,323.812,323.815,323.812 c5.393,0,10.958-0.146,16.592-0.436c0.875,0.074,1.758,0.109,2.65,0.109h72.515v349.629h-145.79 c-13.467-43.404-53.993-75.016-101.761-75.016c-58.735,0-106.521,47.787-106.521,106.521c0,58.735,47.786,106.521,106.521,106.521 c47.769,0,88.294-31.611,101.761-75.016h177.295c17.401,0,31.506-14.104,31.506-31.506v-381.135h194.534v586.93 c-43.404,13.463-75.016,53.988-75.016,101.762c0,58.735,47.787,106.521,106.521,106.521s106.521-47.786,106.521-106.521 c0-47.773-31.611-88.299-75.016-101.762v-586.93h331.067v586.93c-43.403,13.463-75.016,53.988-75.016,101.762 c0,58.735,47.787,106.521,106.521,106.521c58.735,0,106.522-47.786,106.522-106.521c0-47.773-31.612-88.299-75.016-101.762v-586.93 h194.534v381.135c0,17.401,14.104,31.506,31.506,31.506h177.295c13.468,43.404,53.993,75.016,101.762,75.016 c58.735,0,106.521-47.786,106.521-106.521C1742.208,1326.188,1694.422,1278.4,1635.687,1278.4z M168.401,1428.432 c-23.99,0-43.51-19.52-43.51-43.51s19.52-43.51,43.51-43.51c23.99,0,43.51,19.52,43.51,43.51S192.391,1428.432,168.401,1428.432z M705.004,1735.988c-23.99,0-43.51-19.52-43.51-43.51s19.52-43.51,43.51-43.51s43.51,19.52,43.51,43.51 S728.994,1735.988,705.004,1735.988z M1099.083,1735.988c-23.989,0-43.509-19.52-43.509-43.51s19.52-43.51,43.509-43.51 c23.99,0,43.51,19.52,43.51,43.51S1123.073,1735.988,1099.083,1735.988z M341.398,940.525c-5.886,0.382-11.674,0.575-17.204,0.575 c-143.807,0-260.803-116.996-260.803-260.799c0-143.807,116.996-260.803,260.803-260.803c16.909,0,33.875,1.644,50.428,4.883 c16.469,3.2,32.53-7.002,36.608-23.247c29.133-116.007,133.14-197.026,252.927-197.026c49.272,0,97.252,13.81,138.753,39.941 c14.479,9.116,33.615,5.006,43.062-9.279c69.877-105.629,187.079-168.687,313.525-168.687c194.314,0,355.039,145.629,373.86,338.749 c1.222,12.531,9.784,23.133,21.783,26.961c108.539,34.626,181.467,134.493,181.467,248.509c0,139.628-109.119,254.017-248.452,260.5 c-0.065,0-0.127,0.005-0.193,0.009c-8.602,0.387-15.744,0.387-24.311,0c-0.479-0.021-0.963-0.035-1.441-0.035H347.895 C345.763,940.468,343.587,940.385,341.398,940.525z M1635.687,1428.432c-23.99,0-43.51-19.52-43.51-43.51s19.52-43.51,43.51-43.51 s43.51,19.52,43.51,43.51S1659.677,1428.432,1635.687,1428.432z\"><\/path><\/svg><\/span><\/div>\n\n\n\n<p>Neben der Installation und Wartung biete ich auch Beratungsleistungen im Bereich Netzwerkplanung und Sicherheitskonzeption an. Ich f\u00fchre regelm\u00e4\u00dfige Sicherheits\u00fcberpr\u00fcfungen durch, identifiziere Schwachstellen und entwickle L\u00f6sungen, um diese zu beheben. Au\u00dferdem sorge ich f\u00fcr eine schnelle Umsetzung und biete Ihnen ma\u00dfgeschneiderte Service-Level-Agreements (SLAs) f\u00fcr die Serverwartung.<\/p>\n<\/div>\n\n\n\n<h3 class=\"wp-block-heading has-text-color has-link-color wp-elements-4455b89d414d8c12543f6803173c61eb\" style=\"color:#94c11e\">All-in-One Business Server \u2013 Ihre Komplettl\u00f6sung<\/h3>\n\n\n\n<div class=\"wp-block-group is-nowrap is-layout-flex wp-container-core-group-is-layout-6 wp-block-group-is-layout-flex\">\n<div id=\"wp-block-themeisle-blocks-font-awesome-icons-dcc43bdb\" class=\"wp-block-themeisle-blocks-font-awesome-icons\"><span class=\"wp-block-themeisle-blocks-font-awesome-icons-container\"><svg xmlns=\"http:\/\/www.w3.org\/2000\/svg\" viewBox=\"0 0 1800 1800\"><path d=\"M1590.159,376.445c-14.401-99.645-62.88-191.214-137.876-259.647 c-80.549-73.5-185.007-113.977-294.123-113.977c-137.095,0-264.828,63.774-347.255,171.996 c-44.933-22.768-94.688-34.687-145.53-34.687c-138.358,0-259.688,87.511-304.327,216.061c-11.252-1.184-22.574-1.776-33.883-1.776 c-177.686,0-322.247,144.557-322.247,322.246c0,177.686,144.561,322.243,322.247,322.243c5.378,0,10.923-0.146,16.538-0.435 c0.86,0.07,1.728,0.104,2.605,0.104h106.91v196.466c0,39.389,25.645,95.509,147.825,139.187 c73.803,26.387,168.201,42.477,269.688,46.315v141.735c-51.562,11.959-92.227,52.629-104.186,104.204H350.779 c-17.367,0-31.445,14.077-31.445,31.444s14.078,31.443,31.445,31.443h415.767c14.301,61.688,69.662,107.81,135.63,107.81 c65.968,0,121.328-46.122,135.63-107.81h415.767c17.368,0,31.445-14.076,31.445-31.443s-14.077-31.444-31.445-31.444h-415.767 c-11.958-51.575-52.624-92.245-104.185-104.204v-140.959c113.528-1.386,220.136-17.955,301.623-47.092 c122.181-43.678,147.825-99.798,147.825-139.187V998.574h75.536c5.01,0.22,9.672,0.33,14.238,0.33c4.717,0,9.551-0.114,14.78-0.355 c0.06,0,0.126-0.006,0.191-0.009c172.299-7.896,307.267-149.286,307.267-321.879 C1795.082,542.664,1713.555,424.476,1590.159,376.445z M971.688,1626.481c4.36,9.603,6.852,20.228,6.852,31.444 s-2.491,21.842-6.852,31.443c-12.016,26.449-38.621,44.922-69.513,44.922s-57.497-18.473-69.512-44.922 c-4.36-9.602-6.852-20.227-6.852-31.443s2.492-21.842,6.852-31.444c12.015-26.448,38.621-44.921,69.512-44.921 S959.673,1600.033,971.688,1626.481z M1320.182,1195.04c0,50.364-156.617,123.526-402.037,123.526 c-245.422,0-402.038-73.162-402.038-123.526v-82.546c21.092,14.357,48.755,28.387,84.937,41.324 c85.187,30.457,197.798,47.227,317.102,47.227c119.301,0,231.913-16.77,317.1-47.227c36.182-12.938,63.846-26.967,84.938-41.324 V1195.04z M1320.182,1014.631c0,50.363-156.617,123.526-402.037,123.526c-245.422,0-402.038-73.163-402.038-123.526v-16.057v-60.331 c21.092,14.358,48.755,28.388,84.937,41.324c19.872,7.105,41.288,13.432,63.88,19.007c74.259,18.328,161.748,28.221,253.222,28.221 c91.472,0,178.962-9.893,253.221-28.221c22.591-5.575,44.007-11.901,63.879-19.007c36.182-12.937,63.846-26.966,84.938-41.324 v60.331V1014.631z M516.106,840.379c0-50.368,156.616-123.535,402.038-123.535c245.42,0,402.037,73.167,402.037,123.535 c0,30.523-57.608,69.398-157.564,95.307c-64.976,16.84-147.795,28.221-244.473,28.221c-96.681,0-179.498-11.381-244.475-28.221 C573.713,909.777,516.106,870.903,516.106,840.379z M1485.101,935.713c-0.062,0-0.123,0.004-0.185,0.009 c-8.662,0.395-15.533,0.395-24.152,0c-0.483-0.026-0.966-0.035-1.449-0.035h-76.245V832.141c0-4.027-0.785-7.861-2.163-11.396 c-8.242-37.038-42.625-82.721-145.662-119.561c-85.182-30.453-197.799-47.228-317.1-47.228 c-119.303,0-231.919,16.775-317.102,47.228c-122.18,43.684-147.825,99.803-147.825,139.196v95.307H350.726 c-2.124-0.304-4.281-0.387-6.462-0.245c-5.847,0.381-11.599,0.573-17.1,0.573c-143.012,0-259.357-116.345-259.357-259.354 c0-143.007,116.345-259.357,259.357-259.357c16.828,0,33.699,1.636,50.141,4.856c16.477,3.225,32.471-6.983,36.542-23.202 c28.975-115.367,132.41-195.938,251.527-195.938c48.983,0,96.697,13.734,137.985,39.722c14.458,9.103,33.542,4.992,42.973-9.26 C915.831,128.427,1032.4,65.71,1158.16,65.71c193.254,0,353.107,144.842,371.834,336.911c1.22,12.511,9.771,23.092,21.742,26.909 c107.936,34.432,180.457,133.743,180.457,247.131C1732.193,815.52,1623.674,929.277,1485.101,935.713z\"><\/path><\/svg><\/span><\/div>\n\n\n\n<p>Ich stelle Ihnen zuverl\u00e4ssige All-in-One Business Server-L\u00f6sungen zur Verf\u00fcgung, die s\u00e4mtliche IT-Bed\u00fcrfnisse abdecken. Meine Systeme umfassen alles &#8211; von Firewalls und VPN-Gateways \u00fcber E-Mail-Systeme mit Viren- und Spamschutz bis hin zu VoIP-Telefonservern und E-Commerce-L\u00f6sungen.<\/p>\n<\/div>\n\n\n\n<h3 class=\"wp-block-heading has-text-color has-link-color wp-elements-3c2a93b1b0a96cb70f7b9d31de776173\" style=\"color:#94c11e\">Internetdienste und Domainregistrierungen<\/h3>\n\n\n\n<div class=\"wp-block-group is-nowrap is-layout-flex wp-container-core-group-is-layout-7 wp-block-group-is-layout-flex\">\n<div id=\"wp-block-themeisle-blocks-font-awesome-icons-57e780dc\" class=\"wp-block-themeisle-blocks-font-awesome-icons\"><span class=\"wp-block-themeisle-blocks-font-awesome-icons-container\"><svg xmlns=\"http:\/\/www.w3.org\/2000\/svg\" viewBox=\"0 0 1800 1800\"><path d=\"M1718.199,2.029H81.579c-43.977,0-79.754,35.772-79.754,79.741v1636.633 c0,43.973,35.777,79.749,79.754,79.749h1636.62c43.969,0,79.745-35.776,79.745-79.749V81.77 C1797.944,37.801,1762.168,2.029,1718.199,2.029z M1734.873,1718.402c0,9.195-7.479,16.679-16.674,16.679H81.579 c-9.204,0-16.683-7.483-16.683-16.679V340.556h1669.977V1718.402z M1734.873,277.485H64.896V81.77c0-9.19,7.479-16.67,16.683-16.67 h1636.62c9.194,0,16.674,7.479,16.674,16.67V277.485z\"><\/path><circle cx=\"201.36\" cy=\"168.237\" r=\"50.682\"><\/circle><circle cx=\"361.29\" cy=\"168.237\" r=\"50.682\"><\/circle><circle cx=\"521.221\" cy=\"168.237\" r=\"50.682\"><\/circle><path d=\"M691.019,1349.104c4.712,2.503,9.771,3.687,14.76,3.687c11.293,0,22.218-6.085,27.884-16.753 l362.28-682.476c8.166-15.385,2.314-34.475-13.066-42.64c-15.385-8.166-34.474-2.31-42.639,13.067l-362.291,682.476 C669.782,1321.85,675.634,1340.939,691.019,1349.104z\"><\/path><path d=\"M281.378,967.035c0.018,0.29,0.062,0.576,0.083,0.871c0.181,2.38,0.647,4.765,1.395,7.114 c0.105,0.325,0.184,0.659,0.299,0.984c0.136,0.388,0.317,0.771,0.471,1.153c0.233,0.599,0.466,1.193,0.739,1.773 c0.021,0.048,0.04,0.102,0.066,0.153c0.057,0.124,0.141,0.229,0.202,0.353c0.537,1.091,1.144,2.143,1.804,3.162 c0.176,0.282,0.352,0.561,0.542,0.832c0.743,1.078,1.544,2.12,2.424,3.103c0.163,0.18,0.338,0.339,0.501,0.514 c0.739,0.788,1.526,1.541,2.354,2.254c0.303,0.259,0.603,0.515,0.911,0.765c0.858,0.688,1.75,1.333,2.692,1.936 c0.176,0.115,0.344,0.247,0.524,0.356c0.928,0.567,1.888,1.091,2.891,1.57l315.32,150.776c4.391,2.098,9.019,3.092,13.581,3.092 c11.769,0,23.058-6.616,28.469-17.941c7.515-15.71,0.871-34.54-14.844-42.055L385.988,965.481l255.813-122.323 c15.715-7.514,22.359-26.344,14.844-42.055c-7.51-15.714-26.344-22.367-42.05-14.848L299.592,936.882 c-0.009,0.004-0.018,0.004-0.022,0.008l-0.295,0.141c-0.264,0.128-0.501,0.282-0.761,0.414c-0.633,0.321-1.263,0.646-1.874,1.016 c-0.356,0.212-0.69,0.449-1.038,0.678c-0.515,0.335-1.034,0.674-1.536,1.042c-0.37,0.274-0.712,0.573-1.074,0.859 c-0.44,0.36-0.879,0.712-1.307,1.1c-0.356,0.325-0.695,0.673-1.033,1.012c-0.388,0.383-0.774,0.761-1.145,1.166 c-0.343,0.383-0.66,0.779-0.981,1.175c-0.33,0.396-0.66,0.787-0.968,1.205c-0.334,0.453-0.638,0.919-0.946,1.391 c-0.255,0.392-0.528,0.774-0.77,1.179c-0.331,0.55-0.621,1.117-0.911,1.681c-0.167,0.317-0.352,0.607-0.501,0.928 c-0.026,0.054-0.044,0.103-0.066,0.154c-0.273,0.581-0.506,1.175-0.739,1.769c-0.154,0.388-0.335,0.77-0.471,1.157 c-0.115,0.325-0.194,0.66-0.299,0.99c-0.748,2.345-1.214,4.729-1.395,7.109c-0.022,0.291-0.066,0.581-0.083,0.872 c-0.027,0.518-0.005,1.037-0.005,1.556C281.373,965.997,281.351,966.512,281.378,967.035z\"><\/path><path d=\"M1117.246,1129.855c5.411,11.325,16.705,17.941,28.474,17.941c4.558,0,9.19-0.994,13.576-3.092 l315.321-150.776c1.003-0.479,1.967-1.003,2.89-1.57c0.181-0.109,0.349-0.241,0.523-0.356c0.942-0.603,1.839-1.248,2.692-1.936 c0.313-0.25,0.612-0.506,0.916-0.765c0.826-0.713,1.61-1.466,2.35-2.254c0.166-0.175,0.343-0.334,0.501-0.514 c0.88-0.982,1.681-2.024,2.429-3.103c0.184-0.271,0.361-0.55,0.54-0.832c0.661-1.02,1.268-2.071,1.805-3.162 c0.063-0.124,0.145-0.229,0.202-0.353c0.022-0.052,0.039-0.105,0.065-0.153c0.274-0.58,0.503-1.175,0.74-1.773 c0.153-0.383,0.334-0.766,0.47-1.153c0.115-0.325,0.193-0.659,0.301-0.984c0.746-2.35,1.209-4.734,1.393-7.114 c0.022-0.295,0.066-0.581,0.081-0.871c0.026-0.523,0.008-1.038,0.008-1.554c0-0.519,0.019-1.038-0.008-1.556 c-0.015-0.291-0.059-0.581-0.081-0.872c-0.184-2.381-0.646-4.765-1.393-7.109c-0.107-0.33-0.186-0.665-0.301-0.99 c-0.136-0.388-0.316-0.77-0.47-1.157c-0.237-0.594-0.466-1.188-0.74-1.769c-0.026-0.052-0.043-0.101-0.065-0.154 c-0.154-0.32-0.34-0.616-0.506-0.928c-0.291-0.567-0.58-1.131-0.906-1.681c-0.246-0.408-0.52-0.802-0.783-1.197 c-0.304-0.457-0.599-0.923-0.933-1.368c-0.316-0.427-0.655-0.831-0.994-1.236c-0.308-0.383-0.616-0.77-0.95-1.135 c-0.383-0.427-0.787-0.822-1.192-1.224c-0.321-0.319-0.638-0.646-0.973-0.954c-0.458-0.413-0.938-0.796-1.417-1.183 c-0.315-0.256-0.624-0.523-0.954-0.767c-0.559-0.418-1.14-0.795-1.72-1.174c-0.281-0.181-0.555-0.375-0.841-0.546 c-0.712-0.431-1.447-0.818-2.195-1.192c-0.167-0.079-0.316-0.18-0.483-0.26l-0.186-0.088c-0.062-0.03-0.132-0.065-0.197-0.097 l-314.938-150.59c-15.696-7.51-34.536-0.863-42.05,14.848c-7.515,15.711-0.867,34.541,14.844,42.055l255.817,122.323 l-255.817,122.319C1116.379,1095.315,1109.731,1114.146,1117.246,1129.855z\"><\/path><\/svg><\/span><\/div>\n\n\n\n<p>Ich unterst\u00fctze Sie auch bei der Registrierung von Domains und der Einrichtung von DNS, sodass Ihre Online-Pr\u00e4senz zuverl\u00e4ssig und professionell betrieben wird. Mit meiner Erfahrung und Expertise biete ich Ihnen IT-L\u00f6sungen, die nicht nur Ihre IT-Infrastruktur optimieren, sondern auch Ihre langfristige Sicherheit und Effizienz garantieren.<\/p>\n<\/div>\n\n\n\n<p><\/p>\n","protected":false},"excerpt":{"rendered":"<p>Server Installationen und Virtualisierungen Ich biete Ihnen die professionelle Installation von Servern auf Ihrer eigenen Hardware, sei es mit FreeBSD, Linux, Windows oder Terminalserver. Zus\u00e4tzlich setze ich auf kostenfreie, Open Source Virtualisierungsl\u00f6sungen wie Proxmox und VMware, um Ihre Infrastruktur zu optimieren. Mit meinem umfassenden Backup-Service, insbesondere durch den Proxmox Backup Server, sichern Sie Ihre Daten &hellip; <\/p>\n<p class=\"link-more\"><a href=\"https:\/\/pb-technology.com\/?page_id=101\" class=\"more-link\">Continue reading<span class=\"screen-reader-text\"> &#8220;&#8221;<\/span><\/a><\/p>\n","protected":false},"author":3,"featured_media":0,"parent":0,"menu_order":0,"comment_status":"closed","ping_status":"closed","template":"","meta":{"_themeisle_gutenberg_block_has_review":false,"footnotes":""},"class_list":["post-101","page","type-page","status-publish","hentry"],"_links":{"self":[{"href":"https:\/\/pb-technology.com\/index.php?rest_route=\/wp\/v2\/pages\/101"}],"collection":[{"href":"https:\/\/pb-technology.com\/index.php?rest_route=\/wp\/v2\/pages"}],"about":[{"href":"https:\/\/pb-technology.com\/index.php?rest_route=\/wp\/v2\/types\/page"}],"author":[{"embeddable":true,"href":"https:\/\/pb-technology.com\/index.php?rest_route=\/wp\/v2\/users\/3"}],"replies":[{"embeddable":true,"href":"https:\/\/pb-technology.com\/index.php?rest_route=%2Fwp%2Fv2%2Fcomments&post=101"}],"version-history":[{"count":8,"href":"https:\/\/pb-technology.com\/index.php?rest_route=\/wp\/v2\/pages\/101\/revisions"}],"predecessor-version":[{"id":166,"href":"https:\/\/pb-technology.com\/index.php?rest_route=\/wp\/v2\/pages\/101\/revisions\/166"}],"wp:attachment":[{"href":"https:\/\/pb-technology.com\/index.php?rest_route=%2Fwp%2Fv2%2Fmedia&parent=101"}],"curies":[{"name":"wp","href":"https:\/\/api.w.org\/{rel}","templated":true}]}}