{"id":112,"date":"2025-04-13T15:01:31","date_gmt":"2025-04-13T13:01:31","guid":{"rendered":"https:\/\/pb-technology.com\/?page_id=112"},"modified":"2025-04-13T18:09:07","modified_gmt":"2025-04-13T16:09:07","slug":"ihr-partner-fur-open-source-it-losungen-sicherheit-wartung-und-kostensenkung","status":"publish","type":"page","link":"https:\/\/pb-technology.com\/?page_id=112","title":{"rendered":""},"content":{"rendered":"\n<h2 id=\"wp-block-themeisle-blocks-advanced-heading-6ed545f7\" class=\"wp-block-themeisle-blocks-advanced-heading wp-block-themeisle-blocks-advanced-heading-6ed545f7\"><strong>Ihr Partner f\u00fcr OPEN SOURCE IT-L\u00d6SUNGEN: <\/strong><br><strong>Sicherheit, Wartung und Kostensenkung<\/strong><\/h2>\n\n\n\n<p>Wir bieten professionellen Support f\u00fcr Open Source Betriebssysteme, Software sowie propriet\u00e4re L\u00f6sungen \u2013 mit einem starken Fokus auf die Remote-Wartung von Open Source Systemen. Unsere Leistungen umfassen sowohl die Installation als auch die Wartung von Open Source Betriebssystemen und Software, wahlweise vor Ort oder per Fernwartung.<\/p>\n\n\n\n<p>Ihr IT-Budget ist knapp? Mit kostenfreier Open Source Software erh\u00f6hen wir nicht nur die Sicherheit Ihrer Systeme, sondern helfen Ihnen auch, Lizenzkosten nachhaltig zu senken.<\/p>\n\n\n\n<p>Wir haben uns auf die IT-Sanierung spezialisiert und stehen Ihnen zur Seite, wenn andere bereits aufgegeben haben.<\/p>\n\n\n\n<h3 id=\"wp-block-themeisle-blocks-advanced-heading-47b3a970\" class=\"wp-block-themeisle-blocks-advanced-heading wp-block-themeisle-blocks-advanced-heading-47b3a970\">Unsere Kernkompetenzen umfassen:<\/h3>\n\n\n\n<div id=\"wp-block-themeisle-blocks-icon-list-cb2b054e\" class=\"wp-block-themeisle-blocks-icon-list\">\n<div id=\"wp-block-themeisle-blocks-icon-list-item-693af6bb\" class=\"wp-block-themeisle-blocks-icon-list-item\"><img decoding=\"async\" src=\"https:\/\/pb-technology.com\/wp-content\/uploads\/2025\/04\/hackertl-3.png\"\/><p class=\"wp-block-themeisle-blocks-icon-list-item-content\"><strong>Betriebssysteme: <\/strong>Debian, Ubuntu, CentOS, FreeBSD, Windows (insbesondere als RDS Terminal Server)<\/p><\/div>\n\n\n\n<div id=\"wp-block-themeisle-blocks-icon-list-item-fb7c7fca\" class=\"wp-block-themeisle-blocks-icon-list-item\"><img decoding=\"async\" src=\"https:\/\/pb-technology.com\/wp-content\/uploads\/2025\/04\/hackertl-1.png\"\/><p class=\"wp-block-themeisle-blocks-icon-list-item-content\"><strong>Firewall- und Sicherheitsl\u00f6sungen:<\/strong> Linux-\/FreeBSD-basierte Firewalls, HA Auto-Failover, Backup, DMZ-Routing<\/p><\/div>\n\n\n\n<div id=\"wp-block-themeisle-blocks-icon-list-item-f8c69c27\" class=\"wp-block-themeisle-blocks-icon-list-item\"><img decoding=\"async\" src=\"https:\/\/pb-technology.com\/wp-content\/uploads\/2025\/04\/hackertl-2.png\"\/><p class=\"wp-block-themeisle-blocks-icon-list-item-content\"><strong>Monitoring &amp; Alerts:<\/strong> Nagios-basierte \u00dcberwachungs- und Warnl\u00f6sungen<\/p><\/div>\n\n\n\n<div id=\"wp-block-themeisle-blocks-icon-list-item-8ea9fafc\" class=\"wp-block-themeisle-blocks-icon-list-item\"><img decoding=\"async\" src=\"https:\/\/pb-technology.com\/wp-content\/uploads\/2025\/04\/hackertl-2.png\"\/><p class=\"wp-block-themeisle-blocks-icon-list-item-content\"><strong>VPN-L\u00f6sungen<\/strong>: OpenVPN und IPSec f\u00fcr Desktop- und Mobilger\u00e4te sowie Net-to-Net-Verbindungen<\/p><\/div>\n\n\n\n<div id=\"wp-block-themeisle-blocks-icon-list-item-2730ecf5\" class=\"wp-block-themeisle-blocks-icon-list-item\"><img decoding=\"async\" src=\"https:\/\/pb-technology.com\/wp-content\/uploads\/2025\/04\/hackertl-2.png\"\/><p class=\"wp-block-themeisle-blocks-icon-list-item-content\"><strong>Tor\/Onion-Netzwerke:<\/strong> Anonyme Recherche- und Datenschutzl\u00f6sungen<\/p><\/div>\n\n\n\n<div id=\"wp-block-themeisle-blocks-icon-list-item-5f166157\" class=\"wp-block-themeisle-blocks-icon-list-item\"><img decoding=\"async\" src=\"https:\/\/pb-technology.com\/wp-content\/uploads\/2025\/04\/hackertl-2.png\"\/><p class=\"wp-block-themeisle-blocks-icon-list-item-content\"><strong>VoIP:<\/strong> Asterisk-basierte Telefonie-Server mit verschl\u00fcsselter Kommunikation und Least-Cost-Routing<\/p><\/div>\n\n\n\n<div id=\"wp-block-themeisle-blocks-icon-list-item-3b7a4a24\" class=\"wp-block-themeisle-blocks-icon-list-item\"><img decoding=\"async\" src=\"https:\/\/pb-technology.com\/wp-content\/uploads\/2025\/04\/hackertl-2.png\"\/><p class=\"wp-block-themeisle-blocks-icon-list-item-content\"><strong>E-Mail-L\u00f6sungen:<\/strong> Schutz vor Spam und Viren inklusive mobiler Ger\u00e4teanbindung<\/p><\/div>\n\n\n\n<div id=\"wp-block-themeisle-blocks-icon-list-item-bf554a30\" class=\"wp-block-themeisle-blocks-icon-list-item\"><img decoding=\"async\" src=\"https:\/\/pb-technology.com\/wp-content\/uploads\/2025\/04\/hackertl-2.png\"\/><p class=\"wp-block-themeisle-blocks-icon-list-item-content\"><strong>Dezentrale Kommunikationsl\u00f6sungen<\/strong>: Matrix\/Synapse\/Element f\u00fcr Messenger-, Voice- und Video-Kommunikation \u2013 ohne Datensammlung durch Dritte<\/p><\/div>\n\n\n\n<div id=\"wp-block-themeisle-blocks-icon-list-item-554f53a9\" class=\"wp-block-themeisle-blocks-icon-list-item\"><img decoding=\"async\" src=\"https:\/\/pb-technology.com\/wp-content\/uploads\/2025\/04\/hackertl-2.png\"\/><p class=\"wp-block-themeisle-blocks-icon-list-item-content\"><strong>Videokonferenzen:<\/strong> Jitsi Video Conference Server \u2013 ohne Lizenzkosten<\/p><\/div>\n<\/div>\n\n\n\n<p>Wir entwickeln ma\u00dfgeschneiderte L\u00f6sungen, die Ihre IT sicherer, flexibler und gleichzeitig kosteng\u00fcnstiger machen.<\/p>\n","protected":false},"excerpt":{"rendered":"<p>Wir bieten professionellen Support f\u00fcr Open Source Betriebssysteme, Software sowie propriet\u00e4re L\u00f6sungen \u2013 mit einem starken Fokus auf die Remote-Wartung von Open Source Systemen. Unsere Leistungen umfassen sowohl die Installation als auch die Wartung von Open Source Betriebssystemen und Software, wahlweise vor Ort oder per Fernwartung. Ihr IT-Budget ist knapp? Mit kostenfreier Open Source Software &hellip; <\/p>\n<p class=\"link-more\"><a href=\"https:\/\/pb-technology.com\/?page_id=112\" class=\"more-link\">Continue reading<span class=\"screen-reader-text\"> &#8220;&#8221;<\/span><\/a><\/p>\n","protected":false},"author":3,"featured_media":0,"parent":0,"menu_order":0,"comment_status":"closed","ping_status":"closed","template":"","meta":{"_themeisle_gutenberg_block_has_review":false,"footnotes":""},"class_list":["post-112","page","type-page","status-publish","hentry"],"_links":{"self":[{"href":"https:\/\/pb-technology.com\/index.php?rest_route=\/wp\/v2\/pages\/112"}],"collection":[{"href":"https:\/\/pb-technology.com\/index.php?rest_route=\/wp\/v2\/pages"}],"about":[{"href":"https:\/\/pb-technology.com\/index.php?rest_route=\/wp\/v2\/types\/page"}],"author":[{"embeddable":true,"href":"https:\/\/pb-technology.com\/index.php?rest_route=\/wp\/v2\/users\/3"}],"replies":[{"embeddable":true,"href":"https:\/\/pb-technology.com\/index.php?rest_route=%2Fwp%2Fv2%2Fcomments&post=112"}],"version-history":[{"count":4,"href":"https:\/\/pb-technology.com\/index.php?rest_route=\/wp\/v2\/pages\/112\/revisions"}],"predecessor-version":[{"id":190,"href":"https:\/\/pb-technology.com\/index.php?rest_route=\/wp\/v2\/pages\/112\/revisions\/190"}],"wp:attachment":[{"href":"https:\/\/pb-technology.com\/index.php?rest_route=%2Fwp%2Fv2%2Fmedia&parent=112"}],"curies":[{"name":"wp","href":"https:\/\/api.w.org\/{rel}","templated":true}]}}