{"id":9,"date":"2022-11-25T13:34:08","date_gmt":"2022-11-25T13:34:08","guid":{"rendered":"https:\/\/pb-technology.com\/?page_id=9"},"modified":"2025-04-13T17:01:38","modified_gmt":"2025-04-13T15:01:38","slug":"home","status":"publish","type":"page","link":"https:\/\/pb-technology.com\/","title":{"rendered":"Home"},"content":{"rendered":"\n<h1 class=\"wp-block-heading has-white-background-color has-text-color has-background has-link-color has-x-large-font-size wp-elements-df3d127ea422b766cb31afd7e1fe327f\" style=\"color:#94c11e\"><\/h1>\n\n\n\n<p><strong>PB Technology bietet ma\u00dfgeschneiderte IT-L\u00f6sungen in den Bereichen IT-Sicherheit, IT-Sanierung, IT-Restrukturierung und Infrastruktur an. Als erfahrenes, selbstst\u00e4ndig arbeitendes Team sind wir auf kurzfristige IT-Projekte spezialisiert und verf\u00fcgen \u00fcber umfassendes Wissen in den Bereichen Linux, Unix, Open Source, Netzwerktechnik, Web-Server und vielen weiteren Technologien.<\/strong><\/p>\n\n\n\n<p>Dank unserer langj\u00e4hrigen Erfahrung haben wir zahlreiche spannende Projekte f\u00fcr eine Vielzahl von Kunden erfolgreich umgesetzt. Durch den Einsatz von Open-Source-Software konnte die Sicherheit erheblich gesteigert werden. Zudem erzielen wir durch effizientes Projektmanagement signifikante Einsparungen bei Lizenzkosten.<\/p>\n\n\n\n<p class=\"has-text-color has-link-color has-medium-font-size wp-elements-fe1236e510208a50ac4b69ae5630cac8\" style=\"color:#94c11e\"><strong><span class=\"highlight\">Unsere Dienstleistungen im \u00dcberblick:<\/span><\/strong><\/p>\n\n\n\n<figure class=\"wp-block-gallery has-nested-images columns-default is-cropped wp-block-gallery-1 is-layout-flex wp-block-gallery-is-layout-flex\">\n<figure class=\"wp-block-image size-large\"><img loading=\"lazy\" decoding=\"async\" width=\"1024\" height=\"614\" data-id=\"49\" src=\"https:\/\/pb-technology.com\/wp-content\/uploads\/2022\/11\/cropped-iStock-1313742092-scaled-e1669384142489-1024x614.jpg\" alt=\"\" class=\"wp-image-49\" srcset=\"https:\/\/pb-technology.com\/wp-content\/uploads\/2022\/11\/cropped-iStock-1313742092-scaled-e1669384142489-1024x614.jpg 1024w, https:\/\/pb-technology.com\/wp-content\/uploads\/2022\/11\/cropped-iStock-1313742092-scaled-e1669384142489-300x180.jpg 300w, https:\/\/pb-technology.com\/wp-content\/uploads\/2022\/11\/cropped-iStock-1313742092-scaled-e1669384142489-768x461.jpg 768w, https:\/\/pb-technology.com\/wp-content\/uploads\/2022\/11\/cropped-iStock-1313742092-scaled-e1669384142489-1536x922.jpg 1536w, https:\/\/pb-technology.com\/wp-content\/uploads\/2022\/11\/cropped-iStock-1313742092-scaled-e1669384142489.jpg 2000w\" sizes=\"(max-width: 767px) 89vw, (max-width: 1000px) 54vw, (max-width: 1071px) 543px, 580px\" \/><figcaption class=\"wp-element-caption\"><strong><a href=\"https:\/\/pb-technology.com\/?page_id=121\" data-type=\"page\" data-id=\"121\">Webbasierte Softwarel\u00f6sungen: <\/a><\/strong>Ma\u00dfgeschneiderte L\u00f6sungen f\u00fcr Ihre Online-Pr\u00e4senz<\/figcaption><\/figure>\n\n\n\n<figure class=\"wp-block-image size-large\"><img loading=\"lazy\" decoding=\"async\" width=\"1024\" height=\"614\" data-id=\"47\" src=\"https:\/\/pb-technology.com\/wp-content\/uploads\/2022\/11\/cropped-iStock-1211202460-scaled-1-1024x614.jpg\" alt=\"\" class=\"wp-image-47\" srcset=\"https:\/\/pb-technology.com\/wp-content\/uploads\/2022\/11\/cropped-iStock-1211202460-scaled-1-1024x614.jpg 1024w, https:\/\/pb-technology.com\/wp-content\/uploads\/2022\/11\/cropped-iStock-1211202460-scaled-1-300x180.jpg 300w, https:\/\/pb-technology.com\/wp-content\/uploads\/2022\/11\/cropped-iStock-1211202460-scaled-1-768x460.jpg 768w, https:\/\/pb-technology.com\/wp-content\/uploads\/2022\/11\/cropped-iStock-1211202460-scaled-1-1536x921.jpg 1536w, https:\/\/pb-technology.com\/wp-content\/uploads\/2022\/11\/cropped-iStock-1211202460-scaled-1.jpg 2000w\" sizes=\"(max-width: 767px) 89vw, (max-width: 1000px) 54vw, (max-width: 1071px) 543px, 580px\" \/><figcaption class=\"wp-element-caption\"><strong><a href=\"https:\/\/pb-technology.com\/?page_id=112\" data-type=\"page\" data-id=\"112\">Open Source IT-L\u00f6sungen: <\/a><\/strong>Sicherheit, Wartung und Kostensenkung<\/figcaption><\/figure>\n\n\n\n<figure class=\"wp-block-image size-large\"><img loading=\"lazy\" decoding=\"async\" width=\"1024\" height=\"417\" data-id=\"21\" src=\"https:\/\/pb-technology.com\/wp-content\/uploads\/2022\/11\/iStock-1254347556-1024x417.jpg\" alt=\"\" class=\"wp-image-21\" srcset=\"https:\/\/pb-technology.com\/wp-content\/uploads\/2022\/11\/iStock-1254347556-1024x417.jpg 1024w, https:\/\/pb-technology.com\/wp-content\/uploads\/2022\/11\/iStock-1254347556-300x122.jpg 300w, https:\/\/pb-technology.com\/wp-content\/uploads\/2022\/11\/iStock-1254347556-768x313.jpg 768w, https:\/\/pb-technology.com\/wp-content\/uploads\/2022\/11\/iStock-1254347556-1536x625.jpg 1536w, https:\/\/pb-technology.com\/wp-content\/uploads\/2022\/11\/iStock-1254347556-2048x833.jpg 2048w\" sizes=\"(max-width: 767px) 89vw, (max-width: 1000px) 54vw, (max-width: 1071px) 543px, 580px\" \/><figcaption class=\"wp-element-caption\"><a href=\"https:\/\/pb-technology.com\/?page_id=116\" data-type=\"page\" data-id=\"116\"><strong>VoIP-Telefonl\u00f6sungen &amp; Public Hotspot L\u00f6sungen<\/strong><\/a><\/figcaption><\/figure>\n\n\n\n<figure class=\"wp-block-image size-large\"><img loading=\"lazy\" decoding=\"async\" width=\"1024\" height=\"576\" data-id=\"26\" src=\"https:\/\/pb-technology.com\/wp-content\/uploads\/2022\/11\/iStock-1363104923-1024x576.jpg\" alt=\"\" class=\"wp-image-26\" srcset=\"https:\/\/pb-technology.com\/wp-content\/uploads\/2022\/11\/iStock-1363104923-1024x576.jpg 1024w, https:\/\/pb-technology.com\/wp-content\/uploads\/2022\/11\/iStock-1363104923-300x169.jpg 300w, https:\/\/pb-technology.com\/wp-content\/uploads\/2022\/11\/iStock-1363104923-768x432.jpg 768w, https:\/\/pb-technology.com\/wp-content\/uploads\/2022\/11\/iStock-1363104923-1536x864.jpg 1536w, https:\/\/pb-technology.com\/wp-content\/uploads\/2022\/11\/iStock-1363104923-2048x1152.jpg 2048w\" sizes=\"(max-width: 767px) 89vw, (max-width: 1000px) 54vw, (max-width: 1071px) 543px, 580px\" \/><figcaption class=\"wp-element-caption\"><strong><a href=\"https:\/\/pb-technology.com\/?page_id=101\" data-type=\"page\" data-id=\"101\">Umfassende IT-L\u00f6sungen<\/a>:<\/strong> Installation, Sicherheit, Wartung und Support<\/figcaption><\/figure>\n<\/figure>\n\n\n\n<h2 id=\"wp-block-themeisle-blocks-advanced-heading-5c1b2f35\" class=\"wp-block-themeisle-blocks-advanced-heading wp-block-themeisle-blocks-advanced-heading-5c1b2f35\"><\/h2>\n\n\n\n<p><br><\/p>\n","protected":false},"excerpt":{"rendered":"<p>PB Technology bietet ma\u00dfgeschneiderte IT-L\u00f6sungen in den Bereichen IT-Sicherheit, IT-Sanierung, IT-Restrukturierung und Infrastruktur an. Als erfahrenes, selbstst\u00e4ndig arbeitendes Team sind wir auf kurzfristige IT-Projekte spezialisiert und verf\u00fcgen \u00fcber umfassendes Wissen in den Bereichen Linux, Unix, Open Source, Netzwerktechnik, Web-Server und vielen weiteren Technologien. Dank unserer langj\u00e4hrigen Erfahrung haben wir zahlreiche spannende Projekte f\u00fcr eine Vielzahl &hellip; <\/p>\n<p class=\"link-more\"><a href=\"https:\/\/pb-technology.com\/\" class=\"more-link\">Continue reading<span class=\"screen-reader-text\"> &#8220;Home&#8221;<\/span><\/a><\/p>\n","protected":false},"author":2,"featured_media":0,"parent":0,"menu_order":0,"comment_status":"closed","ping_status":"closed","template":"","meta":{"_themeisle_gutenberg_block_has_review":false,"footnotes":""},"class_list":["post-9","page","type-page","status-publish","hentry"],"_links":{"self":[{"href":"https:\/\/pb-technology.com\/index.php?rest_route=\/wp\/v2\/pages\/9"}],"collection":[{"href":"https:\/\/pb-technology.com\/index.php?rest_route=\/wp\/v2\/pages"}],"about":[{"href":"https:\/\/pb-technology.com\/index.php?rest_route=\/wp\/v2\/types\/page"}],"author":[{"embeddable":true,"href":"https:\/\/pb-technology.com\/index.php?rest_route=\/wp\/v2\/users\/2"}],"replies":[{"embeddable":true,"href":"https:\/\/pb-technology.com\/index.php?rest_route=%2Fwp%2Fv2%2Fcomments&post=9"}],"version-history":[{"count":33,"href":"https:\/\/pb-technology.com\/index.php?rest_route=\/wp\/v2\/pages\/9\/revisions"}],"predecessor-version":[{"id":181,"href":"https:\/\/pb-technology.com\/index.php?rest_route=\/wp\/v2\/pages\/9\/revisions\/181"}],"wp:attachment":[{"href":"https:\/\/pb-technology.com\/index.php?rest_route=%2Fwp%2Fv2%2Fmedia&parent=9"}],"curies":[{"name":"wp","href":"https:\/\/api.w.org\/{rel}","templated":true}]}}